{"id":4366,"date":"2024-07-08T21:33:47","date_gmt":"2024-07-09T02:33:47","guid":{"rendered":"https:\/\/tradeshippingcolombia.com\/?page_id=4366"},"modified":"2024-07-18T16:03:59","modified_gmt":"2024-07-18T21:03:59","slug":"cargo-hold-cleaning","status":"publish","type":"page","link":"https:\/\/tradeshippingcolombia.com\/en\/cargo-hold-cleaning\/","title":{"rendered":"Cargo Hold Cleaning"},"content":{"rendered":"<div data-elementor-type=\"wp-page\" data-elementor-id=\"4366\" class=\"elementor elementor-4366\">\n\t\t\t\t<div class=\"elementor-element elementor-element-f2a97cd e-flex e-con-boxed e-con e-parent\" data-id=\"f2a97cd\" data-element_type=\"container\" data-e-type=\"container\">\n\t\t\t\t\t<div class=\"e-con-inner\">\n\t\t\t\t<div class=\"elementor-element elementor-element-34b7c5b elementor-widget elementor-widget-heading\" data-id=\"34b7c5b\" data-element_type=\"widget\" data-e-type=\"widget\" data-widget_type=\"heading.default\">\n\t\t\t\t<div class=\"elementor-widget-container\">\n\t\t\t\t\t<h2 class=\"elementor-heading-title elementor-size-default\">CARGO HOLD CLEANING<\/h2>\t\t\t\t<\/div>\n\t\t\t\t<\/div>\n\t\t\t\t\t<\/div>\n\t\t\t\t<\/div>\n\t\t<div class=\"elementor-element elementor-element-0573639 e-flex e-con-boxed e-con e-parent\" data-id=\"0573639\" data-element_type=\"container\" data-e-type=\"container\">\n\t\t\t\t\t<div class=\"e-con-inner\">\n\t\t\t\t<div class=\"elementor-element elementor-element-3697e2e elementor-widget elementor-widget-image\" data-id=\"3697e2e\" data-element_type=\"widget\" data-e-type=\"widget\" data-widget_type=\"image.default\">\n\t\t\t\t<div class=\"elementor-widget-container\">\n\t\t\t\t\t\t\t\t\t\t\t\t\t\t\t<img fetchpriority=\"high\" decoding=\"async\" width=\"920\" height=\"500\" src=\"https:\/\/tradeshippingcolombia.com\/wp-content\/uploads\/2024\/07\/cargo-hold.jpg\" class=\"attachment-large size-large wp-image-4698\" alt=\"\" srcset=\"https:\/\/tradeshippingcolombia.com\/wp-content\/uploads\/2024\/07\/cargo-hold.jpg 920w, https:\/\/tradeshippingcolombia.com\/wp-content\/uploads\/2024\/07\/cargo-hold-300x163.jpg 300w, https:\/\/tradeshippingcolombia.com\/wp-content\/uploads\/2024\/07\/cargo-hold-768x417.jpg 768w\" sizes=\"(max-width: 920px) 100vw, 920px\" \/>\t\t\t\t\t\t\t\t\t\t\t\t\t\t\t<\/div>\n\t\t\t\t<\/div>\n\t\t\t\t<div class=\"elementor-element elementor-element-99e6bb6 elementor-widget elementor-widget-heading\" data-id=\"99e6bb6\" data-element_type=\"widget\" data-e-type=\"widget\" data-widget_type=\"heading.default\">\n\t\t\t\t<div class=\"elementor-widget-container\">\n\t\t\t\t\t<h2 class=\"elementor-heading-title elementor-size-default\">Keep your cargo holds spotless and ready for the next voyage<\/h2>\t\t\t\t<\/div>\n\t\t\t\t<\/div>\n\t\t\t\t<div class=\"elementor-element elementor-element-a591e9c elementor-widget elementor-widget-text-editor\" data-id=\"a591e9c\" data-element_type=\"widget\" data-e-type=\"widget\" data-widget_type=\"text-editor.default\">\n\t\t\t\t<div class=\"elementor-widget-container\">\n\t\t\t\t\t\t\t\t\t<p>At <strong>TRADESHIPPING COLOMBIA SAS<\/strong>, we offer professional cargo hold cleaning services to ensure your vessel is always ready and in optimal condition. Our highly trained team uses advanced techniques and specialized products to guarantee a thorough and efficient cleaning.<\/p>\t\t\t\t\t\t\t\t<\/div>\n\t\t\t\t<\/div>\n\t\t\t\t<div class=\"elementor-element elementor-element-d6cffb3 elementor-widget elementor-widget-heading\" data-id=\"d6cffb3\" data-element_type=\"widget\" data-e-type=\"widget\" data-widget_type=\"heading.default\">\n\t\t\t\t<div class=\"elementor-widget-container\">\n\t\t\t\t\t<h2 class=\"elementor-heading-title elementor-size-default\">Why choose us<\/h2>\t\t\t\t<\/div>\n\t\t\t\t<\/div>\n\t\t\t\t<div class=\"elementor-element elementor-element-c451d21 elementor-widget elementor-widget-text-editor\" data-id=\"c451d21\" data-element_type=\"widget\" data-e-type=\"widget\" data-widget_type=\"text-editor.default\">\n\t\t\t\t<div class=\"elementor-widget-container\">\n\t\t\t\t\t\t\t\t\t<ul><li><strong>Comprehensive Cleaning:<\/strong> We carry out a thorough cleaning of the cargo holds, removing any residues and ensuring a safe and clean environment.<\/li><li><strong>Specialized Equipment and Products:<\/strong> We use state-of-the-art equipment and specialized cleaning products to achieve the best results.<\/li><li><strong>Regulatory Compliance:<\/strong> We ensure compliance with all regulations and quality standards, providing a service that meets the demands of the maritime sector.<\/li><\/ul>\t\t\t\t\t\t\t\t<\/div>\n\t\t\t\t<\/div>\n\t\t\t\t<div class=\"elementor-element elementor-element-25bf9aa elementor-widget elementor-widget-heading\" data-id=\"25bf9aa\" data-element_type=\"widget\" data-e-type=\"widget\" data-widget_type=\"heading.default\">\n\t\t\t\t<div class=\"elementor-widget-container\">\n\t\t\t\t\t<h4 class=\"elementor-heading-title elementor-size-default\">Ensure the cleanliness and preparation of your cargo holds! Trust in <b>TRADESHIPPING COLOMBIA SAS<\/b> for a superior quality cleaning service.<\/h4>\t\t\t\t<\/div>\n\t\t\t\t<\/div>\n\t\t\t\t<div class=\"elementor-element elementor-element-a498918 elementor-invisible elementor-widget elementor-widget-heading\" data-id=\"a498918\" data-element_type=\"widget\" data-e-type=\"widget\" data-settings=\"{&quot;_animation&quot;:&quot;fadeIn&quot;}\" data-widget_type=\"heading.default\">\n\t\t\t\t<div class=\"elementor-widget-container\">\n\t\t\t\t\t<h2 class=\"elementor-heading-title elementor-size-default\">Schedule your Cargo Warehouse Cleaning Service<\/h2>\t\t\t\t<\/div>\n\t\t\t\t<\/div>\n\t\t\t\t<div class=\"elementor-element elementor-element-4b2d112 elementor-align-center elementor-invisible elementor-widget elementor-widget-button\" data-id=\"4b2d112\" data-element_type=\"widget\" data-e-type=\"widget\" data-settings=\"{&quot;_animation&quot;:&quot;bounceIn&quot;}\" data-widget_type=\"button.default\">\n\t\t\t\t<div class=\"elementor-widget-container\">\n\t\t\t\t\t\t\t\t\t<div class=\"elementor-button-wrapper\">\n\t\t\t\t\t<a class=\"elementor-button elementor-button-link elementor-size-sm\" href=\"https:\/\/tradeshippingcolombia.com\/en\/contact\/\">\n\t\t\t\t\t\t<span class=\"elementor-button-content-wrapper\">\n\t\t\t\t\t\t<span class=\"elementor-button-icon\">\n\t\t\t\t<svg aria-hidden=\"true\" class=\"e-font-icon-svg e-fas-angle-right\" viewbox=\"0 0 256 512\" xmlns=\"http:\/\/www.w3.org\/2000\/svg\"><path d=\"M224.3 273l-136 136c-9.4 9.4-24.6 9.4-33.9 0l-22.6-22.6c-9.4-9.4-9.4-24.6 0-33.9l96.4-96.4-96.4-96.4c-9.4-9.4-9.4-24.6 0-33.9L54.3 103c9.4-9.4 24.6-9.4 33.9 0l136 136c9.5 9.4 9.5 24.6.1 34z\"><\/path><\/svg>\t\t\t<\/span>\n\t\t\t\t\t\t\t\t\t<span class=\"elementor-button-text\">Request Cleaning<\/span>\n\t\t\t\t\t<\/span>\n\t\t\t\t\t<\/a>\n\t\t\t\t<\/div>\n\t\t\t\t\t\t\t\t<\/div>\n\t\t\t\t<\/div>\n\t\t\t\t\t<\/div>\n\t\t\t\t<\/div>\n\t\t\t\t<\/div>","protected":false},"excerpt":{"rendered":"<p>CARGO HOLD CLEANING Mant\u00e9n tus Bodegas de Carga Impecables y Listas para el Pr\u00f3ximo Viaje En TRADESHIPPING COLOMBIA SAS, ofrecemos servicios profesionales de limpieza de bodegas de carga para asegurar que tu embarcaci\u00f3n est\u00e9 siempre lista y en \u00f3ptimas condiciones. Nuestro equipo altamente capacitado utiliza t\u00e9cnicas avanzadas y productos especializados para garantizar una limpieza profunda [&hellip;]<\/p>\n","protected":false},"author":1,"featured_media":0,"parent":0,"menu_order":0,"comment_status":"closed","ping_status":"closed","template":"","meta":{"site-sidebar-layout":"no-sidebar","site-content-layout":"page-builder","ast-site-content-layout":"full-width-container","site-content-style":"default","site-sidebar-style":"default","ast-global-header-display":"","ast-banner-title-visibility":"","ast-main-header-display":"","ast-hfb-above-header-display":"","ast-hfb-below-header-display":"","ast-hfb-mobile-header-display":"","site-post-title":"disabled","ast-breadcrumbs-content":"","ast-featured-img":"disabled","footer-sml-layout":"","ast-disable-related-posts":"","theme-transparent-header-meta":"","adv-header-id-meta":"","stick-header-meta":"","header-above-stick-meta":"","header-main-stick-meta":"","header-below-stick-meta":"","astra-migrate-meta-layouts":"default","ast-page-background-enabled":"default","ast-page-background-meta":{"desktop":{"background-color":"var(--ast-global-color-4)","background-image":"","background-repeat":"repeat","background-position":"center center","background-size":"auto","background-attachment":"scroll","background-type":"","background-media":"","overlay-type":"","overlay-color":"","overlay-opacity":"","overlay-gradient":""},"tablet":{"background-color":"","background-image":"","background-repeat":"repeat","background-position":"center center","background-size":"auto","background-attachment":"scroll","background-type":"","background-media":"","overlay-type":"","overlay-color":"","overlay-opacity":"","overlay-gradient":""},"mobile":{"background-color":"","background-image":"","background-repeat":"repeat","background-position":"center center","background-size":"auto","background-attachment":"scroll","background-type":"","background-media":"","overlay-type":"","overlay-color":"","overlay-opacity":"","overlay-gradient":""}},"ast-content-background-meta":{"desktop":{"background-color":"var(--ast-global-color-5)","background-image":"","background-repeat":"repeat","background-position":"center center","background-size":"auto","background-attachment":"scroll","background-type":"","background-media":"","overlay-type":"","overlay-color":"","overlay-opacity":"","overlay-gradient":""},"tablet":{"background-color":"var(--ast-global-color-5)","background-image":"","background-repeat":"repeat","background-position":"center center","background-size":"auto","background-attachment":"scroll","background-type":"","background-media":"","overlay-type":"","overlay-color":"","overlay-opacity":"","overlay-gradient":""},"mobile":{"background-color":"var(--ast-global-color-5)","background-image":"","background-repeat":"repeat","background-position":"center center","background-size":"auto","background-attachment":"scroll","background-type":"","background-media":"","overlay-type":"","overlay-color":"","overlay-opacity":"","overlay-gradient":""}},"_joinchat":[],"footnotes":""},"class_list":["post-4366","page","type-page","status-publish","hentry"],"_links":{"self":[{"href":"https:\/\/tradeshippingcolombia.com\/en\/wp-json\/wp\/v2\/pages\/4366","targetHints":{"allow":["GET"]}}],"collection":[{"href":"https:\/\/tradeshippingcolombia.com\/en\/wp-json\/wp\/v2\/pages"}],"about":[{"href":"https:\/\/tradeshippingcolombia.com\/en\/wp-json\/wp\/v2\/types\/page"}],"author":[{"embeddable":true,"href":"https:\/\/tradeshippingcolombia.com\/en\/wp-json\/wp\/v2\/users\/1"}],"replies":[{"embeddable":true,"href":"https:\/\/tradeshippingcolombia.com\/en\/wp-json\/wp\/v2\/comments?post=4366"}],"version-history":[{"count":13,"href":"https:\/\/tradeshippingcolombia.com\/en\/wp-json\/wp\/v2\/pages\/4366\/revisions"}],"predecessor-version":[{"id":4912,"href":"https:\/\/tradeshippingcolombia.com\/en\/wp-json\/wp\/v2\/pages\/4366\/revisions\/4912"}],"wp:attachment":[{"href":"https:\/\/tradeshippingcolombia.com\/en\/wp-json\/wp\/v2\/media?parent=4366"}],"curies":[{"name":"wp","href":"https:\/\/api.w.org\/{rel}","templated":true}]}}