{"id":4364,"date":"2024-07-08T21:33:47","date_gmt":"2024-07-09T02:33:47","guid":{"rendered":"https:\/\/tradeshippingcolombia.com\/?page_id=4364"},"modified":"2024-07-18T16:14:08","modified_gmt":"2024-07-18T21:14:08","slug":"garbage-removal-2","status":"publish","type":"page","link":"https:\/\/tradeshippingcolombia.com\/en\/garbage-removal-2\/","title":{"rendered":"Garbage Removal"},"content":{"rendered":"<div data-elementor-type=\"wp-page\" data-elementor-id=\"4364\" class=\"elementor elementor-4364\">\n\t\t\t\t<div class=\"elementor-element elementor-element-04d5f00 e-flex e-con-boxed e-con e-parent\" data-id=\"04d5f00\" data-element_type=\"container\" data-e-type=\"container\">\n\t\t\t\t\t<div class=\"e-con-inner\">\n\t\t\t\t<div class=\"elementor-element elementor-element-22cdd97 elementor-widget elementor-widget-heading\" data-id=\"22cdd97\" data-element_type=\"widget\" data-e-type=\"widget\" data-widget_type=\"heading.default\">\n\t\t\t\t<div class=\"elementor-widget-container\">\n\t\t\t\t\t<h2 class=\"elementor-heading-title elementor-size-default\">GARBAGE REMOVAL <\/h2>\t\t\t\t<\/div>\n\t\t\t\t<\/div>\n\t\t\t\t<div class=\"elementor-element elementor-element-ddb7f88 elementor-widget elementor-widget-image\" data-id=\"ddb7f88\" data-element_type=\"widget\" data-e-type=\"widget\" data-widget_type=\"image.default\">\n\t\t\t\t<div class=\"elementor-widget-container\">\n\t\t\t\t\t\t\t\t\t\t\t\t\t\t\t<img fetchpriority=\"high\" decoding=\"async\" width=\"920\" height=\"500\" src=\"https:\/\/tradeshippingcolombia.com\/wp-content\/uploads\/2024\/07\/GGARBAGE-REMOVAL.jpg\" class=\"attachment-large size-large wp-image-4711\" alt=\"\" srcset=\"https:\/\/tradeshippingcolombia.com\/wp-content\/uploads\/2024\/07\/GGARBAGE-REMOVAL.jpg 920w, https:\/\/tradeshippingcolombia.com\/wp-content\/uploads\/2024\/07\/GGARBAGE-REMOVAL-300x163.jpg 300w, https:\/\/tradeshippingcolombia.com\/wp-content\/uploads\/2024\/07\/GGARBAGE-REMOVAL-768x417.jpg 768w\" sizes=\"(max-width: 920px) 100vw, 920px\" \/>\t\t\t\t\t\t\t\t\t\t\t\t\t\t\t<\/div>\n\t\t\t\t<\/div>\n\t\t\t\t<div class=\"elementor-element elementor-element-a6cb6b3 elementor-widget elementor-widget-heading\" data-id=\"a6cb6b3\" data-element_type=\"widget\" data-e-type=\"widget\" data-widget_type=\"heading.default\">\n\t\t\t\t<div class=\"elementor-widget-container\">\n\t\t\t\t\t<h2 class=\"elementor-heading-title elementor-size-default\"><b>Keep Your Vessel Clean and Comply with Environmental Standards.<\/b><\/h2>\t\t\t\t<\/div>\n\t\t\t\t<\/div>\n\t\t\t\t<div class=\"elementor-element elementor-element-4b5425e elementor-widget elementor-widget-text-editor\" data-id=\"4b5425e\" data-element_type=\"widget\" data-e-type=\"widget\" data-widget_type=\"text-editor.default\">\n\t\t\t\t<div class=\"elementor-widget-container\">\n\t\t\t\t\t\t\t\t\t<p>At <strong>TRADESHIPPING COLOMBIA SAS<\/strong>, we are committed to keeping your vessel clean and in compliance with the highest environmental standards. We offer specialized services in the management and removal of solid and liquid waste, ensuring responsible and efficient handling of all waste generated on board.<\/p>\t\t\t\t\t\t\t\t<\/div>\n\t\t\t\t<\/div>\n\t\t\t\t<div class=\"elementor-element elementor-element-3a4a554 elementor-widget elementor-widget-heading\" data-id=\"3a4a554\" data-element_type=\"widget\" data-e-type=\"widget\" data-widget_type=\"heading.default\">\n\t\t\t\t<div class=\"elementor-widget-container\">\n\t\t\t\t\t<h2 class=\"elementor-heading-title elementor-size-default\">Why choose us<\/h2>\t\t\t\t<\/div>\n\t\t\t\t<\/div>\n\t\t\t\t<div class=\"elementor-element elementor-element-bf74e21 elementor-widget elementor-widget-text-editor\" data-id=\"bf74e21\" data-element_type=\"widget\" data-e-type=\"widget\" data-widget_type=\"text-editor.default\">\n\t\t\t\t<div class=\"elementor-widget-container\">\n\t\t\t\t\t\t\t\t\t<ul><li><strong>Comprehensive Waste Management:<\/strong> We handle the collection, transportation, and final disposal of waste, following all environmental regulations.<\/li><li><strong>Specialized Equipment:<\/strong> We use advanced equipment and techniques to ensure a fast and safe service.<\/li><li><strong>Regulatory Compliance:<\/strong> We operate with all necessary licenses and permits, including authorization from the Ministry of Transport and the environmental resolution from DAMAB.<\/li><\/ul>\t\t\t\t\t\t\t\t<\/div>\n\t\t\t\t<\/div>\n\t\t\t\t<div class=\"elementor-element elementor-element-95fdd12 elementor-widget elementor-widget-heading\" data-id=\"95fdd12\" data-element_type=\"widget\" data-e-type=\"widget\" data-widget_type=\"heading.default\">\n\t\t\t\t<div class=\"elementor-widget-container\">\n\t\t\t\t\t<h4 class=\"elementor-heading-title elementor-size-default\">\u00a1Don't worry about waste on board anymore! Trust us to keep your boat clean and compliant.<\/h4>\t\t\t\t<\/div>\n\t\t\t\t<\/div>\n\t\t\t\t<div class=\"elementor-element elementor-element-29c1203 elementor-invisible elementor-widget elementor-widget-heading\" data-id=\"29c1203\" data-element_type=\"widget\" data-e-type=\"widget\" data-settings=\"{&quot;_animation&quot;:&quot;fadeIn&quot;}\" data-widget_type=\"heading.default\">\n\t\t\t\t<div class=\"elementor-widget-container\">\n\t\t\t\t\t<h2 class=\"elementor-heading-title elementor-size-default\">Schedule your Garbage Removal Service<\/h2>\t\t\t\t<\/div>\n\t\t\t\t<\/div>\n\t\t\t\t<div class=\"elementor-element elementor-element-7a42fdf elementor-align-center elementor-invisible elementor-widget elementor-widget-button\" data-id=\"7a42fdf\" data-element_type=\"widget\" data-e-type=\"widget\" data-settings=\"{&quot;_animation&quot;:&quot;bounceIn&quot;}\" data-widget_type=\"button.default\">\n\t\t\t\t<div class=\"elementor-widget-container\">\n\t\t\t\t\t\t\t\t\t<div class=\"elementor-button-wrapper\">\n\t\t\t\t\t<a class=\"elementor-button elementor-button-link elementor-size-sm\" href=\"https:\/\/tradeshippingcolombia.com\/en\/contact\/\">\n\t\t\t\t\t\t<span class=\"elementor-button-content-wrapper\">\n\t\t\t\t\t\t<span class=\"elementor-button-icon\">\n\t\t\t\t<svg aria-hidden=\"true\" class=\"e-font-icon-svg e-fas-angle-right\" viewbox=\"0 0 256 512\" xmlns=\"http:\/\/www.w3.org\/2000\/svg\"><path d=\"M224.3 273l-136 136c-9.4 9.4-24.6 9.4-33.9 0l-22.6-22.6c-9.4-9.4-9.4-24.6 0-33.9l96.4-96.4-96.4-96.4c-9.4-9.4-9.4-24.6 0-33.9L54.3 103c9.4-9.4 24.6-9.4 33.9 0l136 136c9.5 9.4 9.5 24.6.1 34z\"><\/path><\/svg>\t\t\t<\/span>\n\t\t\t\t\t\t\t\t\t<span class=\"elementor-button-text\">Request Waste Management Service<\/span>\n\t\t\t\t\t<\/span>\n\t\t\t\t\t<\/a>\n\t\t\t\t<\/div>\n\t\t\t\t\t\t\t\t<\/div>\n\t\t\t\t<\/div>\n\t\t\t\t\t<\/div>\n\t\t\t\t<\/div>\n\t\t\t\t<\/div>","protected":false},"excerpt":{"rendered":"<p>REMOSION DE BASURAS Mant\u00e9n Tu Embarcaci\u00f3n Limpia y Cumple con los Est\u00e1ndares Ambientales En TRADESHIPPING COLOMBIA SAS, nos comprometemos a mantener tu embarcaci\u00f3n limpia y en cumplimiento con los m\u00e1s altos est\u00e1ndares ambientales. Ofrecemos servicios especializados en la gesti\u00f3n y remoci\u00f3n de residuos s\u00f3lidos y l\u00edquidos, asegurando un manejo responsable y eficiente de la basura [&hellip;]<\/p>\n","protected":false},"author":1,"featured_media":0,"parent":0,"menu_order":0,"comment_status":"closed","ping_status":"closed","template":"","meta":{"site-sidebar-layout":"no-sidebar","site-content-layout":"page-builder","ast-site-content-layout":"full-width-container","site-content-style":"default","site-sidebar-style":"default","ast-global-header-display":"","ast-banner-title-visibility":"","ast-main-header-display":"","ast-hfb-above-header-display":"","ast-hfb-below-header-display":"","ast-hfb-mobile-header-display":"","site-post-title":"disabled","ast-breadcrumbs-content":"","ast-featured-img":"disabled","footer-sml-layout":"","ast-disable-related-posts":"","theme-transparent-header-meta":"","adv-header-id-meta":"","stick-header-meta":"","header-above-stick-meta":"","header-main-stick-meta":"","header-below-stick-meta":"","astra-migrate-meta-layouts":"default","ast-page-background-enabled":"default","ast-page-background-meta":{"desktop":{"background-color":"var(--ast-global-color-4)","background-image":"","background-repeat":"repeat","background-position":"center center","background-size":"auto","background-attachment":"scroll","background-type":"","background-media":"","overlay-type":"","overlay-color":"","overlay-opacity":"","overlay-gradient":""},"tablet":{"background-color":"","background-image":"","background-repeat":"repeat","background-position":"center center","background-size":"auto","background-attachment":"scroll","background-type":"","background-media":"","overlay-type":"","overlay-color":"","overlay-opacity":"","overlay-gradient":""},"mobile":{"background-color":"","background-image":"","background-repeat":"repeat","background-position":"center center","background-size":"auto","background-attachment":"scroll","background-type":"","background-media":"","overlay-type":"","overlay-color":"","overlay-opacity":"","overlay-gradient":""}},"ast-content-background-meta":{"desktop":{"background-color":"var(--ast-global-color-5)","background-image":"","background-repeat":"repeat","background-position":"center center","background-size":"auto","background-attachment":"scroll","background-type":"","background-media":"","overlay-type":"","overlay-color":"","overlay-opacity":"","overlay-gradient":""},"tablet":{"background-color":"var(--ast-global-color-5)","background-image":"","background-repeat":"repeat","background-position":"center center","background-size":"auto","background-attachment":"scroll","background-type":"","background-media":"","overlay-type":"","overlay-color":"","overlay-opacity":"","overlay-gradient":""},"mobile":{"background-color":"var(--ast-global-color-5)","background-image":"","background-repeat":"repeat","background-position":"center center","background-size":"auto","background-attachment":"scroll","background-type":"","background-media":"","overlay-type":"","overlay-color":"","overlay-opacity":"","overlay-gradient":""}},"_joinchat":[],"footnotes":""},"class_list":["post-4364","page","type-page","status-publish","hentry"],"_links":{"self":[{"href":"https:\/\/tradeshippingcolombia.com\/en\/wp-json\/wp\/v2\/pages\/4364","targetHints":{"allow":["GET"]}}],"collection":[{"href":"https:\/\/tradeshippingcolombia.com\/en\/wp-json\/wp\/v2\/pages"}],"about":[{"href":"https:\/\/tradeshippingcolombia.com\/en\/wp-json\/wp\/v2\/types\/page"}],"author":[{"embeddable":true,"href":"https:\/\/tradeshippingcolombia.com\/en\/wp-json\/wp\/v2\/users\/1"}],"replies":[{"embeddable":true,"href":"https:\/\/tradeshippingcolombia.com\/en\/wp-json\/wp\/v2\/comments?post=4364"}],"version-history":[{"count":8,"href":"https:\/\/tradeshippingcolombia.com\/en\/wp-json\/wp\/v2\/pages\/4364\/revisions"}],"predecessor-version":[{"id":4976,"href":"https:\/\/tradeshippingcolombia.com\/en\/wp-json\/wp\/v2\/pages\/4364\/revisions\/4976"}],"wp:attachment":[{"href":"https:\/\/tradeshippingcolombia.com\/en\/wp-json\/wp\/v2\/media?parent=4364"}],"curies":[{"name":"wp","href":"https:\/\/api.w.org\/{rel}","templated":true}]}}